{"id":2419,"date":"2023-06-01T13:24:15","date_gmt":"2023-06-01T13:24:15","guid":{"rendered":"https:\/\/propulsionquebec.com\/emplois\/"},"modified":"2023-11-24T14:54:15","modified_gmt":"2023-11-24T14:54:15","slug":"our-job-offers","status":"publish","type":"page","link":"https:\/\/propulsionquebec.com\/en\/our-job-offers\/","title":{"rendered":"Our job offers"},"content":{"rendered":"\n  \n  <div class=\"benefits\">\n    <div class=\"container\">\n              <p class=\"text-tag\">BENEFITS<\/p>\n          \n              <h3 class=\"h4\">Boost your career<\/h3>\n          \n              <div class=\"component-paragraph\">\n          <p>Together, we are driving forward growth-generating projects for the entire electric and smart transportation (EST) ecosystem.<\/p>\n        <\/div>\n      \n              <div class=\"benefits__list\">\n                    <div class=\"benefit\">\n            <img loading=\"lazy\" decoding=\"async\" width=\"60\" height=\"60\" src=\"https:\/\/propulsionquebec.com\/wp-content\/uploads\/2023\/07\/1-remuneration-competitive.png\" class=\"attachment-60x60 size-60x60\" alt=\"\" \/>            <p>Competitive remuneration <\/p>\n          <\/div>\n                    <div class=\"benefit\">\n            <img loading=\"lazy\" decoding=\"async\" width=\"60\" height=\"60\" src=\"https:\/\/propulsionquebec.com\/wp-content\/uploads\/2023\/07\/2-flexi-et-recharge.png\" class=\"attachment-60x60 size-60x60\" alt=\"\" \/>            <p>Flexible work and 5 days of PTO (paid time off)<\/p>\n          <\/div>\n                    <div class=\"benefit\">\n            <img loading=\"lazy\" decoding=\"async\" width=\"60\" height=\"60\" src=\"https:\/\/propulsionquebec.com\/wp-content\/uploads\/2023\/07\/3-event-tei.png\" class=\"attachment-60x60 size-60x60\" alt=\"\" \/>            <p>Participation in major EST events <\/p>\n          <\/div>\n                    <div class=\"benefit\">\n            <img loading=\"lazy\" decoding=\"async\" width=\"60\" height=\"60\" src=\"https:\/\/propulsionquebec.com\/wp-content\/uploads\/2023\/07\/4-impact-enviro.png\" class=\"attachment-60x60 size-60x60\" alt=\"\" \/>            <p>Positive impact on our environmental and economic future<\/p>\n          <\/div>\n                    <div class=\"benefit\">\n            <img loading=\"lazy\" decoding=\"async\" width=\"60\" height=\"60\" src=\"https:\/\/propulsionquebec.com\/wp-content\/uploads\/2023\/07\/5-activites-variees.png\" class=\"attachment-60x60 size-60x60\" alt=\"\" \/>            <p>Varied team activities<\/p>\n          <\/div>\n                    <div class=\"benefit\">\n            <img loading=\"lazy\" decoding=\"async\" width=\"60\" height=\"60\" src=\"https:\/\/propulsionquebec.com\/wp-content\/uploads\/2023\/07\/6-quartier-branche.png\" class=\"attachment-60x60 size-60x60\" alt=\"\" \/>            <p>Offices in a trendy neighborhood<\/p>\n          <\/div>\n                  <\/div>\n          <\/div>\n  <\/div>\n \n\n\n<div class=\"component component-text-image\" ><div class=\"container\">\n<div id=\"\" class=\"row reverse\">\n    <div class=\"col-xs-12 col-md-6 col-xl-5 col-xl-offset-1 push-t-xs-60 push-t-md-reset\">\n        <div class=\"acf-innerblocks-container\">\n<div class=\"component component-heading\" ><div class=\"container\">\n<h2 class=\"wp-block-heading is-style-h4\">Proud to be a company committed to promoting French language<\/h2>\n<\/div><\/div>\n\n<div class=\"component component-paragraph\" ><div class=\"container\">\n<p>Adopting good linguistic practices is a key factor for companies to stand out in the business world. Propulsion Qu\u00e9bec has benefited from the services of <em><a href=\"https:\/\/www.oqlf.gouv.qc.ca\/francisation\/entreprises\/memo-assistant-francisation\/\" target=\"_blank\" rel=\"noreferrer noopener\">M\u00e9mo<\/a>, mon assistant pour la francisation<\/em>, provided by the <em>Office qu\u00e9b\u00e9cois de la langue fran\u00e7aise<\/em>, whose services have proved extremely useful and adapted to our needs, contributing to the improvement of our practices and tools.<\/p>\n<\/div><\/div>\n\n<div class=\"component component-paragraph\" ><div class=\"container\">\n<p>Thanks to this certification, we can now proudly display our commitment to respecting linguistic rights, a commitment that is perfectly in line with the ambitions of our members, our partners and our entire team.<\/p>\n<\/div><\/div>\n\n<div class=\"component component-buttons\" ><div class=\"container\">\n<div id=\"\" class=\"btn-group\">\n    <div class=\"acf-innerblocks-container\">\n<div class=\"component component-button\" ><div class=\"container\">    <a id=\"\" class=\"btn is-style-primary\" href=\"#\" target=\"\">Choisir un lien&#8230;<\/a>\n<\/div><\/div>\n<\/div>\n<\/div><\/div><\/div>\n<\/div>\n    <\/div>\n    <div class=\"col-xs-12 col-md-6 \">\n                    <img loading=\"lazy\" decoding=\"async\" width=\"880\" height=\"660\" src=\"https:\/\/propulsionquebec.com\/wp-content\/uploads\/2023\/10\/OQLF_Logo_Engagement_880x660.png\" class=\"wysywig-image\" alt=\"\" srcset=\"https:\/\/propulsionquebec.com\/wp-content\/uploads\/2023\/10\/OQLF_Logo_Engagement_880x660.png 880w, https:\/\/propulsionquebec.com\/wp-content\/uploads\/2023\/10\/OQLF_Logo_Engagement_880x660-300x225.png 300w, https:\/\/propulsionquebec.com\/wp-content\/uploads\/2023\/10\/OQLF_Logo_Engagement_880x660-768x576.png 768w, https:\/\/propulsionquebec.com\/wp-content\/uploads\/2023\/10\/OQLF_Logo_Engagement_880x660-580x435.png 580w, https:\/\/propulsionquebec.com\/wp-content\/uploads\/2023\/10\/OQLF_Logo_Engagement_880x660-375x281.png 375w, https:\/\/propulsionquebec.com\/wp-content\/uploads\/2023\/10\/OQLF_Logo_Engagement_880x660-200x150.png 200w, https:\/\/propulsionquebec.com\/wp-content\/uploads\/2023\/10\/OQLF_Logo_Engagement_880x660-750x563.png 750w, https:\/\/propulsionquebec.com\/wp-content\/uploads\/2023\/10\/OQLF_Logo_Engagement_880x660-464x348.png 464w, https:\/\/propulsionquebec.com\/wp-content\/uploads\/2023\/10\/OQLF_Logo_Engagement_880x660-523x392.png 523w\" sizes=\"auto, (max-width: 880px) 100vw, 880px\" \/>            <div class=\"image-caption\"><\/div>\n            <\/div>\n<\/div><\/div><\/div>\n\n<div class=\"component component-spacer\" ><div class=\"container\">\n<div style=\"height:100px\" aria-hidden=\"true\" class=\"wp-block-spacer\"><\/div>\n<\/div><\/div>\n\n<div class=\"component component-heading\" ><div class=\"container\">\n<h2 class=\"wp-block-heading is-style-h4\">Spontaneous application<\/h2>\n<\/div><\/div>\n\n<div class=\"component component-paragraph\" ><div class=\"container\">\n<p>We&#8217;re always on the lookout for dynamic new talent to join our team of EST enthusiasts. If you&#8217;re ready to <strong>make a difference<\/strong> and participate in the evolution of a fast-growing industry, explore our current career opportunities or send us an unsolicited application including your CV and cover letter. We&#8217;re always curious to discover exceptional profiles!<\/p>\n<\/div><\/div>\n\n<div class=\"component component-buttons\" ><div class=\"container\">\n<div id=\"\" class=\"btn-group\">\n    <div class=\"acf-innerblocks-container\">\n<div class=\"component component-button\" ><div class=\"container\">    <a id=\"\" class=\"btn is-style-primary\" href=\"mailto:rh@propulsionquebec.com\" target=\"\">Join our team<\/a>\n<\/div><\/div>\n<\/div>\n<\/div><\/div><\/div>\n\n<div class=\"component component-text-image\" ><div class=\"container\">\n<div id=\"\" class=\"row \">\n    <div class=\"col-xs-12 col-md-6 col-xl-5 \">\n        <div class=\"acf-innerblocks-container\">\n<div class=\"component component-heading\" ><div class=\"container\">\n<h2 class=\"wp-block-heading is-style-h4\">Discover jobs in our network<\/h2>\n<\/div><\/div>\n\n<div class=\"component component-paragraph\" ><div class=\"container\">\n<p>The EST sector, fertile with innovation, is full of Quebec companies recognized internationally for their unique expertise. An exciting career awaits you! As an industry cluster, Propulsion Qu\u00e9bec can also help you discover opportunities within our vast network of companies.<\/p>\n<\/div><\/div>\n\n<div class=\"component component-buttons\" ><div class=\"container\">\n<div id=\"\" class=\"btn-group\">\n    <div class=\"acf-innerblocks-container\">\n<div class=\"component component-button\" ><div class=\"container\">    <a id=\"\" class=\"btn is-style-primary\" href=\"https:\/\/carrieres-enroute.propulsionquebec.com\/jobs\" target=\"\">View jobs<\/a>\n<\/div><\/div>\n<\/div>\n<\/div><\/div><\/div>\n<\/div>\n    <\/div>\n    <div class=\"col-xs-12 col-md-6 col-xl-offset-1 push-t-xs-60 push-t-md-reset\">\n                    <img loading=\"lazy\" decoding=\"async\" width=\"2048\" height=\"1367\" src=\"https:\/\/propulsionquebec.com\/wp-content\/uploads\/2023\/11\/MathieuBMorin_PropQc_20221026_103533_0862.jpg\" class=\"wysywig-image\" alt=\"\" srcset=\"https:\/\/propulsionquebec.com\/wp-content\/uploads\/2023\/11\/MathieuBMorin_PropQc_20221026_103533_0862.jpg 2048w, https:\/\/propulsionquebec.com\/wp-content\/uploads\/2023\/11\/MathieuBMorin_PropQc_20221026_103533_0862-300x200.jpg 300w, https:\/\/propulsionquebec.com\/wp-content\/uploads\/2023\/11\/MathieuBMorin_PropQc_20221026_103533_0862-1024x684.jpg 1024w, https:\/\/propulsionquebec.com\/wp-content\/uploads\/2023\/11\/MathieuBMorin_PropQc_20221026_103533_0862-768x513.jpg 768w, https:\/\/propulsionquebec.com\/wp-content\/uploads\/2023\/11\/MathieuBMorin_PropQc_20221026_103533_0862-1536x1025.jpg 1536w, https:\/\/propulsionquebec.com\/wp-content\/uploads\/2023\/11\/MathieuBMorin_PropQc_20221026_103533_0862-580x387.jpg 580w, https:\/\/propulsionquebec.com\/wp-content\/uploads\/2023\/11\/MathieuBMorin_PropQc_20221026_103533_0862-375x250.jpg 375w, https:\/\/propulsionquebec.com\/wp-content\/uploads\/2023\/11\/MathieuBMorin_PropQc_20221026_103533_0862-200x133.jpg 200w, https:\/\/propulsionquebec.com\/wp-content\/uploads\/2023\/11\/MathieuBMorin_PropQc_20221026_103533_0862-750x501.jpg 750w, https:\/\/propulsionquebec.com\/wp-content\/uploads\/2023\/11\/MathieuBMorin_PropQc_20221026_103533_0862-464x310.jpg 464w, https:\/\/propulsionquebec.com\/wp-content\/uploads\/2023\/11\/MathieuBMorin_PropQc_20221026_103533_0862-523x349.jpg 523w\" sizes=\"auto, (max-width: 2048px) 100vw, 2048px\" \/>            <div class=\"image-caption\"><\/div>\n            <\/div>\n<\/div><\/div><\/div>","protected":false},"excerpt":{"rendered":"Spontaneous application We&#8217;re always on the lookout for dynamic new talent to join our team of EST enthusiasts. If you&#8217;re ready to make a difference and participate in the evolution of a fast-growing industry, explore our current career opportunities or send us an unsolicited application including your CV and cover letter. We&#8217;re always curious to [&hellip;]","protected":false},"author":1,"featured_media":1141,"parent":0,"menu_order":0,"comment_status":"closed","ping_status":"closed","template":"","meta":{"_acf_changed":false,"inline_featured_image":false,"footnotes":""},"class_list":["post-2419","page","type-page","status-publish","has-post-thumbnail","hentry"],"acf":[],"yoast_head":"<!-- This site is optimized with the Yoast SEO plugin v27.3 - https:\/\/yoast.com\/product\/yoast-seo-wordpress\/ -->\n<title>Join our team of EST enthusiasts | Propulsion Qu\u00e9bec<\/title>\n<meta name=\"description\" content=\"Together, we are driving forward growth-generating projects for the entire electric and smart transportation (EST) ecosystem.\" \/>\n<meta name=\"robots\" content=\"index, follow, max-snippet:-1, max-image-preview:large, max-video-preview:-1\" \/>\n<link rel=\"canonical\" href=\"https:\/\/propulsionquebec.com\/en\/our-job-offers\/\" \/>\n<meta property=\"og:locale\" content=\"en_US\" \/>\n<meta property=\"og:type\" content=\"article\" \/>\n<meta property=\"og:title\" content=\"Join our team of EST enthusiasts | Propulsion Qu\u00e9bec\" \/>\n<meta property=\"og:description\" content=\"Together, we are driving forward growth-generating projects for the entire electric and smart transportation (EST) ecosystem.\" \/>\n<meta property=\"og:url\" content=\"https:\/\/propulsionquebec.com\/en\/our-job-offers\/\" \/>\n<meta property=\"og:site_name\" content=\"Propulsion Qu\u00e9bec\" \/>\n<meta property=\"article:publisher\" content=\"https:\/\/www.facebook.com\/propulsionqc\" \/>\n<meta property=\"article:modified_time\" content=\"2023-11-24T14:54:15+00:00\" \/>\n<meta property=\"og:image\" content=\"https:\/\/propulsionquebec.com\/wp-content\/uploads\/2023\/07\/20230622_Activite-bateau-1.jpg\" \/>\n\t<meta property=\"og:image:width\" content=\"1491\" \/>\n\t<meta property=\"og:image:height\" content=\"866\" \/>\n\t<meta property=\"og:image:type\" content=\"image\/jpeg\" \/>\n<meta name=\"twitter:card\" content=\"summary_large_image\" \/>\n<meta name=\"twitter:image\" content=\"https:\/\/propulsionquebec.com\/wp-content\/uploads\/2023\/07\/20230622_Activite-bateau-1.jpg\" \/>\n<meta name=\"twitter:label1\" content=\"Est. reading time\" \/>\n\t<meta name=\"twitter:data1\" content=\"2 minutes\" \/>\n<script type=\"application\/ld+json\" class=\"yoast-schema-graph\">{\"@context\":\"https:\\\/\\\/schema.org\",\"@graph\":[{\"@type\":\"WebPage\",\"@id\":\"https:\\\/\\\/propulsionquebec.com\\\/en\\\/our-job-offers\\\/\",\"url\":\"https:\\\/\\\/propulsionquebec.com\\\/en\\\/our-job-offers\\\/\",\"name\":\"Join our team of EST enthusiasts | Propulsion Qu\u00e9bec\",\"isPartOf\":{\"@id\":\"https:\\\/\\\/www.propulsionquebec.com\\\/en\\\/#website\"},\"primaryImageOfPage\":{\"@id\":\"https:\\\/\\\/propulsionquebec.com\\\/en\\\/our-job-offers\\\/#primaryimage\"},\"image\":{\"@id\":\"https:\\\/\\\/propulsionquebec.com\\\/en\\\/our-job-offers\\\/#primaryimage\"},\"thumbnailUrl\":\"https:\\\/\\\/propulsionquebec.com\\\/wp-content\\\/uploads\\\/2023\\\/07\\\/20230622_Activite-bateau-1.jpg\",\"datePublished\":\"2023-06-01T13:24:15+00:00\",\"dateModified\":\"2023-11-24T14:54:15+00:00\",\"description\":\"Together, we are driving forward growth-generating projects for the entire electric and smart transportation (EST) ecosystem.\",\"breadcrumb\":{\"@id\":\"https:\\\/\\\/propulsionquebec.com\\\/en\\\/our-job-offers\\\/#breadcrumb\"},\"inLanguage\":\"en-US\",\"potentialAction\":[{\"@type\":\"ReadAction\",\"target\":[\"https:\\\/\\\/propulsionquebec.com\\\/en\\\/our-job-offers\\\/\"]}]},{\"@type\":\"ImageObject\",\"inLanguage\":\"en-US\",\"@id\":\"https:\\\/\\\/propulsionquebec.com\\\/en\\\/our-job-offers\\\/#primaryimage\",\"url\":\"https:\\\/\\\/propulsionquebec.com\\\/wp-content\\\/uploads\\\/2023\\\/07\\\/20230622_Activite-bateau-1.jpg\",\"contentUrl\":\"https:\\\/\\\/propulsionquebec.com\\\/wp-content\\\/uploads\\\/2023\\\/07\\\/20230622_Activite-bateau-1.jpg\",\"width\":1491,\"height\":866},{\"@type\":\"BreadcrumbList\",\"@id\":\"https:\\\/\\\/propulsionquebec.com\\\/en\\\/our-job-offers\\\/#breadcrumb\",\"itemListElement\":[{\"@type\":\"ListItem\",\"position\":1,\"name\":\"Accueil\",\"item\":\"https:\\\/\\\/propulsionquebec.com\\\/en\\\/\"},{\"@type\":\"ListItem\",\"position\":2,\"name\":\"Our job offers\"}]},{\"@type\":\"WebSite\",\"@id\":\"https:\\\/\\\/www.propulsionquebec.com\\\/en\\\/#website\",\"url\":\"https:\\\/\\\/www.propulsionquebec.com\\\/en\\\/\",\"name\":\"Propulsion Qu\u00e9bec\",\"description\":\"\",\"publisher\":{\"@id\":\"https:\\\/\\\/www.propulsionquebec.com\\\/en\\\/#organization\"},\"potentialAction\":[{\"@type\":\"SearchAction\",\"target\":{\"@type\":\"EntryPoint\",\"urlTemplate\":\"https:\\\/\\\/www.propulsionquebec.com\\\/en\\\/?s={search_term_string}\"},\"query-input\":{\"@type\":\"PropertyValueSpecification\",\"valueRequired\":true,\"valueName\":\"search_term_string\"}}],\"inLanguage\":\"en-US\"},{\"@type\":\"Organization\",\"@id\":\"https:\\\/\\\/www.propulsionquebec.com\\\/en\\\/#organization\",\"name\":\"Propulsion Qu\u00e9bec\",\"url\":\"https:\\\/\\\/www.propulsionquebec.com\\\/en\\\/\",\"logo\":{\"@type\":\"ImageObject\",\"inLanguage\":\"en-US\",\"@id\":\"https:\\\/\\\/www.propulsionquebec.com\\\/en\\\/#\\\/schema\\\/logo\\\/image\\\/\",\"url\":\"https:\\\/\\\/propulsionquebec.com\\\/wp-content\\\/uploads\\\/2023\\\/06\\\/propulsion-quebec-logo.png\",\"contentUrl\":\"https:\\\/\\\/propulsionquebec.com\\\/wp-content\\\/uploads\\\/2023\\\/06\\\/propulsion-quebec-logo.png\",\"width\":467,\"height\":130,\"caption\":\"Propulsion Qu\u00e9bec\"},\"image\":{\"@id\":\"https:\\\/\\\/www.propulsionquebec.com\\\/en\\\/#\\\/schema\\\/logo\\\/image\\\/\"},\"sameAs\":[\"https:\\\/\\\/www.facebook.com\\\/propulsionqc\"]}]}<\/script>\n<!-- \/ Yoast SEO plugin. -->","yoast_head_json":{"title":"Join our team of EST enthusiasts | Propulsion Qu\u00e9bec","description":"Together, we are driving forward growth-generating projects for the entire electric and smart transportation (EST) ecosystem.","robots":{"index":"index","follow":"follow","max-snippet":"max-snippet:-1","max-image-preview":"max-image-preview:large","max-video-preview":"max-video-preview:-1"},"canonical":"https:\/\/propulsionquebec.com\/en\/our-job-offers\/","og_locale":"en_US","og_type":"article","og_title":"Join our team of EST enthusiasts | Propulsion Qu\u00e9bec","og_description":"Together, we are driving forward growth-generating projects for the entire electric and smart transportation (EST) ecosystem.","og_url":"https:\/\/propulsionquebec.com\/en\/our-job-offers\/","og_site_name":"Propulsion Qu\u00e9bec","article_publisher":"https:\/\/www.facebook.com\/propulsionqc","article_modified_time":"2023-11-24T14:54:15+00:00","og_image":[{"width":1491,"height":866,"url":"https:\/\/propulsionquebec.com\/wp-content\/uploads\/2023\/07\/20230622_Activite-bateau-1.jpg","type":"image\/jpeg"}],"twitter_card":"summary_large_image","twitter_image":"https:\/\/propulsionquebec.com\/wp-content\/uploads\/2023\/07\/20230622_Activite-bateau-1.jpg","twitter_misc":{"Est. reading time":"2 minutes"},"schema":{"@context":"https:\/\/schema.org","@graph":[{"@type":"WebPage","@id":"https:\/\/propulsionquebec.com\/en\/our-job-offers\/","url":"https:\/\/propulsionquebec.com\/en\/our-job-offers\/","name":"Join our team of EST enthusiasts | Propulsion Qu\u00e9bec","isPartOf":{"@id":"https:\/\/www.propulsionquebec.com\/en\/#website"},"primaryImageOfPage":{"@id":"https:\/\/propulsionquebec.com\/en\/our-job-offers\/#primaryimage"},"image":{"@id":"https:\/\/propulsionquebec.com\/en\/our-job-offers\/#primaryimage"},"thumbnailUrl":"https:\/\/propulsionquebec.com\/wp-content\/uploads\/2023\/07\/20230622_Activite-bateau-1.jpg","datePublished":"2023-06-01T13:24:15+00:00","dateModified":"2023-11-24T14:54:15+00:00","description":"Together, we are driving forward growth-generating projects for the entire electric and smart transportation (EST) ecosystem.","breadcrumb":{"@id":"https:\/\/propulsionquebec.com\/en\/our-job-offers\/#breadcrumb"},"inLanguage":"en-US","potentialAction":[{"@type":"ReadAction","target":["https:\/\/propulsionquebec.com\/en\/our-job-offers\/"]}]},{"@type":"ImageObject","inLanguage":"en-US","@id":"https:\/\/propulsionquebec.com\/en\/our-job-offers\/#primaryimage","url":"https:\/\/propulsionquebec.com\/wp-content\/uploads\/2023\/07\/20230622_Activite-bateau-1.jpg","contentUrl":"https:\/\/propulsionquebec.com\/wp-content\/uploads\/2023\/07\/20230622_Activite-bateau-1.jpg","width":1491,"height":866},{"@type":"BreadcrumbList","@id":"https:\/\/propulsionquebec.com\/en\/our-job-offers\/#breadcrumb","itemListElement":[{"@type":"ListItem","position":1,"name":"Accueil","item":"https:\/\/propulsionquebec.com\/en\/"},{"@type":"ListItem","position":2,"name":"Our job offers"}]},{"@type":"WebSite","@id":"https:\/\/www.propulsionquebec.com\/en\/#website","url":"https:\/\/www.propulsionquebec.com\/en\/","name":"Propulsion Qu\u00e9bec","description":"","publisher":{"@id":"https:\/\/www.propulsionquebec.com\/en\/#organization"},"potentialAction":[{"@type":"SearchAction","target":{"@type":"EntryPoint","urlTemplate":"https:\/\/www.propulsionquebec.com\/en\/?s={search_term_string}"},"query-input":{"@type":"PropertyValueSpecification","valueRequired":true,"valueName":"search_term_string"}}],"inLanguage":"en-US"},{"@type":"Organization","@id":"https:\/\/www.propulsionquebec.com\/en\/#organization","name":"Propulsion Qu\u00e9bec","url":"https:\/\/www.propulsionquebec.com\/en\/","logo":{"@type":"ImageObject","inLanguage":"en-US","@id":"https:\/\/www.propulsionquebec.com\/en\/#\/schema\/logo\/image\/","url":"https:\/\/propulsionquebec.com\/wp-content\/uploads\/2023\/06\/propulsion-quebec-logo.png","contentUrl":"https:\/\/propulsionquebec.com\/wp-content\/uploads\/2023\/06\/propulsion-quebec-logo.png","width":467,"height":130,"caption":"Propulsion Qu\u00e9bec"},"image":{"@id":"https:\/\/www.propulsionquebec.com\/en\/#\/schema\/logo\/image\/"},"sameAs":["https:\/\/www.facebook.com\/propulsionqc"]}]}},"_links":{"self":[{"href":"https:\/\/propulsionquebec.com\/en\/wp-json\/wp\/v2\/pages\/2419","targetHints":{"allow":["GET"]}}],"collection":[{"href":"https:\/\/propulsionquebec.com\/en\/wp-json\/wp\/v2\/pages"}],"about":[{"href":"https:\/\/propulsionquebec.com\/en\/wp-json\/wp\/v2\/types\/page"}],"author":[{"embeddable":true,"href":"https:\/\/propulsionquebec.com\/en\/wp-json\/wp\/v2\/users\/1"}],"replies":[{"embeddable":true,"href":"https:\/\/propulsionquebec.com\/en\/wp-json\/wp\/v2\/comments?post=2419"}],"version-history":[{"count":24,"href":"https:\/\/propulsionquebec.com\/en\/wp-json\/wp\/v2\/pages\/2419\/revisions"}],"predecessor-version":[{"id":6059,"href":"https:\/\/propulsionquebec.com\/en\/wp-json\/wp\/v2\/pages\/2419\/revisions\/6059"}],"wp:featuredmedia":[{"embeddable":true,"href":"https:\/\/propulsionquebec.com\/en\/wp-json\/wp\/v2\/media\/1141"}],"wp:attachment":[{"href":"https:\/\/propulsionquebec.com\/en\/wp-json\/wp\/v2\/media?parent=2419"}],"curies":[{"name":"wp","href":"https:\/\/api.w.org\/{rel}","templated":true}]}}